{"id":471,"date":"2018-10-10T23:33:32","date_gmt":"2018-10-11T02:33:32","guid":{"rendered":"http:\/\/www.tivamerica.com\/?page_id=471"},"modified":"2019-02-27T13:10:16","modified_gmt":"2019-02-27T16:10:16","slug":"informacion-sobre-santiago-de-chile","status":"publish","type":"page","link":"https:\/\/www.tivamerica.com\/index.php\/informacion-sobre-santiago-de-chile\/","title":{"rendered":"Informaci\u00f3n log\u00edstica"},"content":{"rendered":"<h3><strong><u>Sede del curso<\/u><\/strong><\/h3>\n<p>El curso se dicta en el <span>Centro de Eventos Club Manquehue<\/span><strong>, Av Vitacura 5841, Vitacura, Santiago de Chile<\/strong>.<\/p>\n<p><a href=\"https:\/\/www.google.com\/maps?ll=-33.392071,-70.574922&amp;z=14&amp;t=m&amp;hl=es-419&amp;gl=AR&amp;mapclient=embed&amp;cid=16242817765370753379\" target=\"_blank\" rel=\"noopener\"><img loading=\"lazy\" decoding=\"async\" data-src=\"https:\/\/www.tivamerica.com\/wp-content\/uploads\/2018\/10\/manquehue.png\" alt=\"\" width=\"543\" height=\"346\" class=\"alignnone wp-image-472 size-full lazyload\" scale=\"0\" data-srcset=\"https:\/\/www.tivamerica.com\/wp-content\/uploads\/2018\/10\/manquehue.png 543w, https:\/\/www.tivamerica.com\/wp-content\/uploads\/2018\/10\/manquehue-300x191.png 300w\" data-sizes=\"auto, (max-width: 543px) 100vw, 543px\" src=\"data:image\/gif;base64,R0lGODlhAQABAAAAACH5BAEKAAEALAAAAAABAAEAAAICTAEAOw==\" style=\"--smush-placeholder-width: 543px; --smush-placeholder-aspect-ratio: 543\/346;\" \/><noscript><img loading=\"lazy\" decoding=\"async\" src=\"https:\/\/www.tivamerica.com\/wp-content\/uploads\/2018\/10\/manquehue.png\" alt=\"\" width=\"543\" height=\"346\" class=\"alignnone wp-image-472 size-full\" scale=\"0\" srcset=\"https:\/\/www.tivamerica.com\/wp-content\/uploads\/2018\/10\/manquehue.png 543w, https:\/\/www.tivamerica.com\/wp-content\/uploads\/2018\/10\/manquehue-300x191.png 300w\" sizes=\"auto, (max-width: 543px) 100vw, 543px\" \/><\/noscript><\/a><\/p>\n<p><a href=\"https:\/\/www.google.com\/maps?ll=-33.392071,-70.574922&amp;z=14&amp;t=m&amp;hl=es-419&amp;gl=AR&amp;mapclient=embed&amp;cid=16242817765370753379\" target=\"_blank\" rel=\"noopener\">Link al mapa en Google Maps<\/a><\/p>\n<p><em>Centro de eventos del Club Manquehue<\/em><\/p>\n<p><img loading=\"lazy\" decoding=\"async\" data-src=\"https:\/\/www.tivamerica.com\/wp-content\/uploads\/2018\/10\/Club-manquehue-1024x628.png\" alt=\"\" width=\"750\" height=\"460\" class=\"alignnone wp-image-507 size-large lazyload\" scale=\"0\" data-srcset=\"https:\/\/www.tivamerica.com\/wp-content\/uploads\/2018\/10\/Club-manquehue-1024x628.png 1024w, https:\/\/www.tivamerica.com\/wp-content\/uploads\/2018\/10\/Club-manquehue-600x368.png 600w, https:\/\/www.tivamerica.com\/wp-content\/uploads\/2018\/10\/Club-manquehue-300x184.png 300w, https:\/\/www.tivamerica.com\/wp-content\/uploads\/2018\/10\/Club-manquehue-768x471.png 768w, https:\/\/www.tivamerica.com\/wp-content\/uploads\/2018\/10\/Club-manquehue.png 1329w\" data-sizes=\"auto, (max-width: 750px) 100vw, 750px\" src=\"data:image\/gif;base64,R0lGODlhAQABAAAAACH5BAEKAAEALAAAAAABAAEAAAICTAEAOw==\" style=\"--smush-placeholder-width: 750px; --smush-placeholder-aspect-ratio: 750\/460;\" \/><noscript><img loading=\"lazy\" decoding=\"async\" src=\"https:\/\/www.tivamerica.com\/wp-content\/uploads\/2018\/10\/Club-manquehue-1024x628.png\" alt=\"\" width=\"750\" height=\"460\" class=\"alignnone wp-image-507 size-large\" scale=\"0\" srcset=\"https:\/\/www.tivamerica.com\/wp-content\/uploads\/2018\/10\/Club-manquehue-1024x628.png 1024w, https:\/\/www.tivamerica.com\/wp-content\/uploads\/2018\/10\/Club-manquehue-600x368.png 600w, https:\/\/www.tivamerica.com\/wp-content\/uploads\/2018\/10\/Club-manquehue-300x184.png 300w, https:\/\/www.tivamerica.com\/wp-content\/uploads\/2018\/10\/Club-manquehue-768x471.png 768w, https:\/\/www.tivamerica.com\/wp-content\/uploads\/2018\/10\/Club-manquehue.png 1329w\" sizes=\"auto, (max-width: 750px) 100vw, 750px\" \/><\/noscript><\/p>\n<p>Vitacura, donde se encuentra el Club Manquehue, y Las Condes, la comuna vecina, son las comunas con mayor desarrollo de Santiago. Cuentan con galer\u00edas de arte, shoppings, los restaurantes m\u00e1s exclusivos de la capital, tiendas boutique en Nueva Costanera y Alonso de C\u00f3rdoba, y algunos de los centros comerciales m\u00e1s grandes de la capital.<\/p>\n<p>Mail de contacto:\u00a0info@tivamerica.com<\/p>\n<h3><strong><u>Alojamiento<\/u><\/strong><\/h3>\n<p>Es una buena opci\u00f3n alojarse cerca de la sede del curso. Recomendamos buscar alojamiento por la zona de Vitacura o Las Condes.<\/p>\n<p><strong>En los siguientes hoteles puede acceder a una tarifa preferencial mencionando el \u00abCurso de TIVAm\u00e9rica &amp; EuroSIVA\u00bb al contactar por e-mail:<\/strong><\/p>\n<p><strong>Hotel Santiago &#8211; Mandar\u00edn Oriental.<\/strong> Avenida Presidente Kennedy 4601, Las Condes.\u00a0<a href=\"https:\/\/www.mandarinoriental.com\/santiago\/las-condes\/luxury-hotel\">https:\/\/www.mandarinoriental.com\/santiago\/las-condes\/luxury-hotel<\/a><br \/>\nReservar contactando aMaria Rebuffo mrebuffo@mohg.com<\/p>\n<p><strong>Apart Hotel Heidelberg Haus.\u00a0<\/strong>Los Nogales 843, Providencia, Santiago, Chile www.heidelberghaus.cl\u00a0+56229647500<\/p>\n<p>Reservar contactando a reservas@heidelberghaus.cl<\/p>\n<p><strong>Hotel Kennedy<\/strong>. Avenida Kennedy 4570, Vitacura. Distancia a pie del Club Manquehue: 1,7 km.\u00a0\u00a0<a href=\"http:\/\/www.hotelkennedy.cl\" target=\"_blank\" rel=\"noopener\">www.hotelkennedy.cl<\/a><\/p>\n<p>Reservar contactando a reservas@hotelkennedy.cl<\/p>\n<p><strong>Hotel Cumbres Vitacura.<\/strong> Avenida Kennedy Lateral 4422.\u00a0Distancia a pie del Club Manquehue: 1,9 km.\u00a0<a href=\"http:\/\/www.hotelescumbres.cl\" target=\"_blank\" rel=\"noopener\">www.hotelescumbres.cl<\/a>\u00a0\u00a0Reservar contactando a cmedina@hotelescumbres.cl<\/p>\n<p><strong>Hotel Hyatt Place Santiago\/Vitacura<\/strong>,\u00a0Av. Am\u00e9rico Vespucio Norte 1597.\u00a0Distancia a pie del Club Manquehue: 1,4 km.\u00a0<a href=\"http:\/\/www.hyatt.com\/es-ES\/hotel\/chile\/hyatt-place-santiago-vitacura\/sclzv\">www.hyatt.com\/es-ES\/hotel\/chile\/hyatt-place-santiago-vitacura\/sclzv<\/a><\/p>\n<p><span>Reservar contactando a rocio.valdebenito@hyatt.com<\/span><\/p>\n<p><span><strong>Hotel Bidasoa.\u00a0<\/strong>Avenida Vitacura 4873.\u00a0\u00a0Distancia a pie del Club Manquehue: 1,1 km.\u00a0<a href=\"http:\/\/www.hotelbidasoa.cl\" target=\"_blank\" rel=\"noopener\">www.hotelbidasoa.cl<\/a><\/span><\/p>\n<p><span>Reservar contactando a reservas@hotelbidasoa.cl<\/span><\/p>\n<p>Adem\u00e1s,\u00a0<a href=\"https:\/\/www.expedia.com\/Hotel-Search?destination=Vitacura,+Santiago,+Chile&amp;startDate=03\/13\/2019&amp;endDate=03\/16\/2019&amp;adults=2&amp;regionId=6175705&amp;sort=recommended\">en este link de Expedia puede encontrar otras opciones de alojamiento.<\/a><\/p>\n<p>Por \u00faltimo, si prefiere alquilar un departamento econ\u00f3mico en lugar de ir a un hotel, en <a href=\"https:\/\/www.airbnb.com\" target=\"_blank\" rel=\"noopener\">AirBnB.com<\/a> hay alojamientos disponibles en la zona de Vitacura y las Condes.<\/p>\n<h3><strong><u>Ingreso a Chile<\/u><\/strong><\/h3>\n<p>Las personas de <strong>Argentina, Bolivia, Brasil, Colombia, Ecuador, Paraguay, Per\u00fa y Uruguay<\/strong> pueden ingresar en el pa\u00eds tan solo presentando <strong>su carn\u00e9 o documento de identidad<\/strong> en vigor.<\/p>\n<p>En tanto, quedan eximidos del pago de la visa y <strong>pueden viajar con pasaporte vigente<\/strong> las personas de los pa\u00edses listados a continuaci\u00f3n:<br \/>\n<strong>Costa Rica,\u00a0El Salvador,\u00a0Espa\u00f1a,\u00a0Guatemala, Honduras,\u00a0M\u00e9xico,\u00a0Nicaragua,\u00a0Panam\u00e1,\u00a0Rep\u00fablica Dominicana y Venezuela.<\/strong><\/p>\n<p><strong>Las personas de nacionalidad cubana requieren visa<\/strong>. <a href=\"https:\/\/chile.gob.cl\/la-habana\/tramites\/para-extranjeros\/obtencion-visas\">M\u00e1s informaci\u00f3n para obtenci\u00f3n de visa en Cuba<\/a><\/p>\n<p>Fuente:\u00a0<a href=\"https:\/\/www.gochile.cl\/guias\/guia-chile\/visas-y-consulados.html\">https:\/\/www.gochile.cl\/guias\/guia-chile\/visas-y-consulados.html<\/a><\/p>\n<h3><strong><u>Carta de invitaci\u00f3n<\/u><\/strong><\/h3>\n<p>Si requiere una carta de invitaci\u00f3n para obtener permiso en su lugar de trabajo para asistir al 1er Curso TIVAm\u00e9rica &amp; EuroSIVA, puede avisarnos a info@tivamerica.com y se la enviaremos a la brevedad.<\/p>\n<p>La obtenci\u00f3n de la autorizaci\u00f3n y otros tr\u00e1mites para la asistencia es responsabilidad del participante.<\/p>\n<p>No se realizan reembolsos de inscripciones.<\/p>\n<h3><strong><u>Transporte entre el Aeropuerto y su hotel<\/u><\/strong><\/h3>\n<p>El aeropuerto de Santiago es el Aeropuerto Internacional Arturo Merino Ben\u00edtez, popularmente conocido como Aeropuerto Pudahuel.<\/p>\n<p>Es un terminal moderno, que cuenta con todos los servicios (alquiler de autos, estacionamiento, restaurantes). Hay distintos servicios de traslados que conectan el Aeropuerto con la ciudad.<\/p>\n<p>Los taxis son el transporte m\u00e1s r\u00e1pido desde el Aeropuerto de Santiago a la ciudad.<br \/>\nLo mejor es contratar taxis oficiales que tienen precios fijos por destino, tarifa que pagar\u00e1n antes de subir -incluso con tarjetas de cr\u00e9dito- en los counters de las l\u00edneas de taxi (Taxi Oficial, Delfos y Transvip) ubicados en las \u00e1reas de llegada de los pasajeros.<\/p>\n<p>Luego de pagar recibir\u00e1n un ticket con la informaci\u00f3n del destino, la tarifa cancelada y la zona de ubicaci\u00f3n del taxi en las veredas de abordaje de pasajeros. Encontrar\u00e1n todo bien se\u00f1alizado y personal atento para guiarlos a su autom\u00f3vil.<\/p>\n<h3><strong><u>Transporte en la ciudad<\/u><\/strong><\/h3>\n<p>En Santiago de Chile est\u00e1n disponibles UBER, Cabify, Easy Taxi y taxis comunes.<\/p>\n<p>Los taxis abundan y son f\u00e1ciles de encontrar. Est\u00e1n pintados de negro con el techo amarillo.<\/p>\n<p><img loading=\"lazy\" decoding=\"async\" data-src=\"https:\/\/www.tivamerica.com\/wp-content\/uploads\/2018\/10\/taxi-300x173.png\" alt=\"\" width=\"300\" height=\"173\" class=\"aligncenter wp-image-500 size-medium lazyload\" scale=\"0\" data-srcset=\"https:\/\/www.tivamerica.com\/wp-content\/uploads\/2018\/10\/taxi-300x173.png 300w, https:\/\/www.tivamerica.com\/wp-content\/uploads\/2018\/10\/taxi-600x345.png 600w, https:\/\/www.tivamerica.com\/wp-content\/uploads\/2018\/10\/taxi.png 619w\" data-sizes=\"auto, (max-width: 300px) 100vw, 300px\" src=\"data:image\/gif;base64,R0lGODlhAQABAAAAACH5BAEKAAEALAAAAAABAAEAAAICTAEAOw==\" style=\"--smush-placeholder-width: 300px; --smush-placeholder-aspect-ratio: 300\/173;\" \/><noscript><img loading=\"lazy\" decoding=\"async\" src=\"https:\/\/www.tivamerica.com\/wp-content\/uploads\/2018\/10\/taxi-300x173.png\" alt=\"\" width=\"300\" height=\"173\" class=\"aligncenter wp-image-500 size-medium\" scale=\"0\" srcset=\"https:\/\/www.tivamerica.com\/wp-content\/uploads\/2018\/10\/taxi-300x173.png 300w, https:\/\/www.tivamerica.com\/wp-content\/uploads\/2018\/10\/taxi-600x345.png 600w, https:\/\/www.tivamerica.com\/wp-content\/uploads\/2018\/10\/taxi.png 619w\" sizes=\"auto, (max-width: 300px) 100vw, 300px\" \/><\/noscript><\/p>\n<h3><strong><u>Adaptadores de electricidad<\/u><\/strong><\/h3>\n<p>En Chile el voltaje com\u00fan es 220 V. La frecuencia es 50 Hz. Las clavijas y enchufes son del tipo C \/ L. En las im\u00e1genes siguientes pueden ver los tipos de enchufes (clavijas y tomas de corriente).<\/p>\n<p><img loading=\"lazy\" decoding=\"async\" data-src=\"https:\/\/www.tivamerica.com\/wp-content\/uploads\/2018\/10\/clavijas-chile.png\" alt=\"\" width=\"582\" height=\"305\" class=\"alignnone size-full wp-image-476 lazyload\" scale=\"0\" data-srcset=\"https:\/\/www.tivamerica.com\/wp-content\/uploads\/2018\/10\/clavijas-chile.png 582w, https:\/\/www.tivamerica.com\/wp-content\/uploads\/2018\/10\/clavijas-chile-300x157.png 300w\" data-sizes=\"auto, (max-width: 582px) 100vw, 582px\" src=\"data:image\/gif;base64,R0lGODlhAQABAAAAACH5BAEKAAEALAAAAAABAAEAAAICTAEAOw==\" style=\"--smush-placeholder-width: 582px; --smush-placeholder-aspect-ratio: 582\/305;\" \/><noscript><img loading=\"lazy\" decoding=\"async\" src=\"https:\/\/www.tivamerica.com\/wp-content\/uploads\/2018\/10\/clavijas-chile.png\" alt=\"\" width=\"582\" height=\"305\" class=\"alignnone size-full wp-image-476\" scale=\"0\" srcset=\"https:\/\/www.tivamerica.com\/wp-content\/uploads\/2018\/10\/clavijas-chile.png 582w, https:\/\/www.tivamerica.com\/wp-content\/uploads\/2018\/10\/clavijas-chile-300x157.png 300w\" sizes=\"auto, (max-width: 582px) 100vw, 582px\" \/><\/noscript><\/p>\n<h3><strong><u>Precauciones<\/u><\/strong><\/h3>\n<p>Como en toda gran ciudad, hay que mantener siempre las pertenencias a la vista, moverse por lugares seguros y asesorarse antes de concurrir a determinados lugares.<\/p>\n<p>Si usan dinero en efectivo, recomendamos pagar en moneda\u00a0local. Pueden extraer de cajeros autom\u00e1ticos, en casas de cambio o en la recepci\u00f3n de hoteles, pero no recomendamos cambiar dinero en la calle.<\/p>\n<p>En esta p\u00e1gina encontrar\u00e1s referencias para la conversi\u00f3n de peso chileno a d\u00f3lar y otras monedas:\u00a0<a href=\"https:\/\/www.valor-dolar.cl\/\">https:\/\/www.valor-dolar.cl\/<\/a><\/p>\n<h3><strong><u>Atracciones tur\u00edsticas<\/u><\/strong><\/h3>\n<p>Santiago tiene mucho que ofrecer, ya que es el eje pol\u00edtico y cultural del pa\u00eds. Adem\u00e1s, su c\u00e9ntrica ubicaci\u00f3n hace que sea f\u00e1cil y conveniente para explorar el pa\u00eds desde este punto. Est\u00e1 lo suficientemente cerca de los Andes y el Oc\u00e9ano Pac\u00edfico, lo que permite trasladarse para ir a esquiar o a la playa. Santiago tiene algunas atracciones imprescindibles como el Parque Metropolitano y el Museo de derechos humanos, entre otros.<\/p>\n<p>En este link pueden encontrar las atracciones tur\u00edsticas t\u00edpicas de Santiago de Chile:<\/p>\n<p><a href=\"https:\/\/www.skyscanner.es\/noticias\/las-15-mejores-cosas-que-hacer-en-santiago-de-chile\">https:\/\/www.skyscanner.es\/noticias\/las-15-mejores-cosas-que-hacer-en-santiago-de-chile<\/a><\/p>\n<h3 style=\"text-align: center;\">Mail de contacto:\u00a0info@tivamerica.com<\/h3>\n","protected":false},"excerpt":{"rendered":"<p>Sede del curso El curso se dicta en el Centro de Eventos Club Manquehue, Av Vitacura 5841, Vitacura, Santiago de Chile. Link al mapa en Google Maps Centro de eventos del Club Manquehue Vitacura, donde se encuentra el Club Manquehue, y Las Condes, la comuna vecina, son las comunas con [&hellip;]<\/p>\n","protected":false},"author":1,"featured_media":412,"parent":0,"menu_order":0,"comment_status":"closed","ping_status":"closed","template":"","meta":{"footnotes":""},"class_list":["post-471","page","type-page","status-publish","has-post-thumbnail","hentry"],"yoast_head":"<!-- This site is optimized with the Yoast SEO plugin v24.3 - https:\/\/yoast.com\/wordpress\/plugins\/seo\/ -->\n<title>Informaci\u00f3n log\u00edstica - TIVAmerica<\/title>\n<meta name=\"robots\" content=\"index, follow, max-snippet:-1, max-image-preview:large, max-video-preview:-1\" \/>\n<link rel=\"canonical\" href=\"https:\/\/www.tivamerica.com\/index.php\/informacion-sobre-santiago-de-chile\/\" \/>\n<meta property=\"og:locale\" content=\"es_ES\" \/>\n<meta property=\"og:type\" content=\"article\" \/>\n<meta property=\"og:title\" content=\"Informaci\u00f3n log\u00edstica - TIVAmerica\" \/>\n<meta property=\"og:description\" content=\"Sede del curso El curso se dicta en el Centro de Eventos Club Manquehue, Av Vitacura 5841, Vitacura, Santiago de Chile. Link al mapa en Google Maps Centro de eventos del Club Manquehue Vitacura, donde se encuentra el Club Manquehue, y Las Condes, la comuna vecina, son las comunas con [&hellip;]\" \/>\n<meta property=\"og:url\" content=\"https:\/\/www.tivamerica.com\/index.php\/informacion-sobre-santiago-de-chile\/\" \/>\n<meta property=\"og:site_name\" content=\"TIVAmerica\" \/>\n<meta property=\"article:modified_time\" content=\"2019-02-27T16:10:16+00:00\" \/>\n<meta property=\"og:image\" content=\"https:\/\/www.tivamerica.com\/wp-content\/uploads\/2018\/09\/SANTIAGO4.jpg\" \/>\n\t<meta property=\"og:image:width\" content=\"1254\" \/>\n\t<meta property=\"og:image:height\" content=\"836\" \/>\n\t<meta property=\"og:image:type\" content=\"image\/jpeg\" \/>\n<meta name=\"twitter:card\" content=\"summary_large_image\" \/>\n<meta name=\"twitter:label1\" content=\"Tiempo de lectura\" \/>\n\t<meta name=\"twitter:data1\" content=\"5 minutos\" \/>\n<script type=\"application\/ld+json\" class=\"yoast-schema-graph\">{\"@context\":\"https:\/\/schema.org\",\"@graph\":[{\"@type\":\"WebPage\",\"@id\":\"https:\/\/www.tivamerica.com\/index.php\/informacion-sobre-santiago-de-chile\/\",\"url\":\"https:\/\/www.tivamerica.com\/index.php\/informacion-sobre-santiago-de-chile\/\",\"name\":\"Informaci\u00f3n log\u00edstica - TIVAmerica\",\"isPartOf\":{\"@id\":\"https:\/\/www.tivamerica.com\/#website\"},\"primaryImageOfPage\":{\"@id\":\"https:\/\/www.tivamerica.com\/index.php\/informacion-sobre-santiago-de-chile\/#primaryimage\"},\"image\":{\"@id\":\"https:\/\/www.tivamerica.com\/index.php\/informacion-sobre-santiago-de-chile\/#primaryimage\"},\"thumbnailUrl\":\"https:\/\/www.tivamerica.com\/wp-content\/uploads\/2018\/09\/SANTIAGO4.jpg\",\"datePublished\":\"2018-10-11T02:33:32+00:00\",\"dateModified\":\"2019-02-27T16:10:16+00:00\",\"breadcrumb\":{\"@id\":\"https:\/\/www.tivamerica.com\/index.php\/informacion-sobre-santiago-de-chile\/#breadcrumb\"},\"inLanguage\":\"es\",\"potentialAction\":[{\"@type\":\"ReadAction\",\"target\":[\"https:\/\/www.tivamerica.com\/index.php\/informacion-sobre-santiago-de-chile\/\"]}]},{\"@type\":\"ImageObject\",\"inLanguage\":\"es\",\"@id\":\"https:\/\/www.tivamerica.com\/index.php\/informacion-sobre-santiago-de-chile\/#primaryimage\",\"url\":\"https:\/\/www.tivamerica.com\/wp-content\/uploads\/2018\/09\/SANTIAGO4.jpg\",\"contentUrl\":\"https:\/\/www.tivamerica.com\/wp-content\/uploads\/2018\/09\/SANTIAGO4.jpg\",\"width\":1254,\"height\":836,\"caption\":\"Cable car in San Cristobal hill, overlooking a panoramic view of Santiago de Chile\"},{\"@type\":\"BreadcrumbList\",\"@id\":\"https:\/\/www.tivamerica.com\/index.php\/informacion-sobre-santiago-de-chile\/#breadcrumb\",\"itemListElement\":[{\"@type\":\"ListItem\",\"position\":1,\"name\":\"Portada\",\"item\":\"https:\/\/www.tivamerica.com\/\"},{\"@type\":\"ListItem\",\"position\":2,\"name\":\"Informaci\u00f3n log\u00edstica\"}]},{\"@type\":\"WebSite\",\"@id\":\"https:\/\/www.tivamerica.com\/#website\",\"url\":\"https:\/\/www.tivamerica.com\/\",\"name\":\"TIVAmerica\",\"description\":\"Anestesia Intravenosa Total (TIVA), Latinoam\u00e9rica. Cursos\",\"publisher\":{\"@id\":\"https:\/\/www.tivamerica.com\/#organization\"},\"potentialAction\":[{\"@type\":\"SearchAction\",\"target\":{\"@type\":\"EntryPoint\",\"urlTemplate\":\"https:\/\/www.tivamerica.com\/?s={search_term_string}\"},\"query-input\":{\"@type\":\"PropertyValueSpecification\",\"valueRequired\":true,\"valueName\":\"search_term_string\"}}],\"inLanguage\":\"es\"},{\"@type\":\"Organization\",\"@id\":\"https:\/\/www.tivamerica.com\/#organization\",\"name\":\"TIVAmerica\",\"url\":\"https:\/\/www.tivamerica.com\/\",\"logo\":{\"@type\":\"ImageObject\",\"inLanguage\":\"es\",\"@id\":\"https:\/\/www.tivamerica.com\/#\/schema\/logo\/image\/\",\"url\":\"https:\/\/www.tivamerica.com\/wp-content\/uploads\/2018\/07\/logo-tivamerica-transparente-e1532835198527.png\",\"contentUrl\":\"https:\/\/www.tivamerica.com\/wp-content\/uploads\/2018\/07\/logo-tivamerica-transparente-e1532835198527.png\",\"width\":300,\"height\":301,\"caption\":\"TIVAmerica\"},\"image\":{\"@id\":\"https:\/\/www.tivamerica.com\/#\/schema\/logo\/image\/\"}}]}<\/script>\n<!-- \/ Yoast SEO plugin. -->","yoast_head_json":{"title":"Informaci\u00f3n log\u00edstica - TIVAmerica","robots":{"index":"index","follow":"follow","max-snippet":"max-snippet:-1","max-image-preview":"max-image-preview:large","max-video-preview":"max-video-preview:-1"},"canonical":"https:\/\/www.tivamerica.com\/index.php\/informacion-sobre-santiago-de-chile\/","og_locale":"es_ES","og_type":"article","og_title":"Informaci\u00f3n log\u00edstica - TIVAmerica","og_description":"Sede del curso El curso se dicta en el Centro de Eventos Club Manquehue, Av Vitacura 5841, Vitacura, Santiago de Chile. Link al mapa en Google Maps Centro de eventos del Club Manquehue Vitacura, donde se encuentra el Club Manquehue, y Las Condes, la comuna vecina, son las comunas con [&hellip;]","og_url":"https:\/\/www.tivamerica.com\/index.php\/informacion-sobre-santiago-de-chile\/","og_site_name":"TIVAmerica","article_modified_time":"2019-02-27T16:10:16+00:00","og_image":[{"width":1254,"height":836,"url":"https:\/\/www.tivamerica.com\/wp-content\/uploads\/2018\/09\/SANTIAGO4.jpg","type":"image\/jpeg"}],"twitter_card":"summary_large_image","twitter_misc":{"Tiempo de lectura":"5 minutos"},"schema":{"@context":"https:\/\/schema.org","@graph":[{"@type":"WebPage","@id":"https:\/\/www.tivamerica.com\/index.php\/informacion-sobre-santiago-de-chile\/","url":"https:\/\/www.tivamerica.com\/index.php\/informacion-sobre-santiago-de-chile\/","name":"Informaci\u00f3n log\u00edstica - TIVAmerica","isPartOf":{"@id":"https:\/\/www.tivamerica.com\/#website"},"primaryImageOfPage":{"@id":"https:\/\/www.tivamerica.com\/index.php\/informacion-sobre-santiago-de-chile\/#primaryimage"},"image":{"@id":"https:\/\/www.tivamerica.com\/index.php\/informacion-sobre-santiago-de-chile\/#primaryimage"},"thumbnailUrl":"https:\/\/www.tivamerica.com\/wp-content\/uploads\/2018\/09\/SANTIAGO4.jpg","datePublished":"2018-10-11T02:33:32+00:00","dateModified":"2019-02-27T16:10:16+00:00","breadcrumb":{"@id":"https:\/\/www.tivamerica.com\/index.php\/informacion-sobre-santiago-de-chile\/#breadcrumb"},"inLanguage":"es","potentialAction":[{"@type":"ReadAction","target":["https:\/\/www.tivamerica.com\/index.php\/informacion-sobre-santiago-de-chile\/"]}]},{"@type":"ImageObject","inLanguage":"es","@id":"https:\/\/www.tivamerica.com\/index.php\/informacion-sobre-santiago-de-chile\/#primaryimage","url":"https:\/\/www.tivamerica.com\/wp-content\/uploads\/2018\/09\/SANTIAGO4.jpg","contentUrl":"https:\/\/www.tivamerica.com\/wp-content\/uploads\/2018\/09\/SANTIAGO4.jpg","width":1254,"height":836,"caption":"Cable car in San Cristobal hill, overlooking a panoramic view of Santiago de Chile"},{"@type":"BreadcrumbList","@id":"https:\/\/www.tivamerica.com\/index.php\/informacion-sobre-santiago-de-chile\/#breadcrumb","itemListElement":[{"@type":"ListItem","position":1,"name":"Portada","item":"https:\/\/www.tivamerica.com\/"},{"@type":"ListItem","position":2,"name":"Informaci\u00f3n log\u00edstica"}]},{"@type":"WebSite","@id":"https:\/\/www.tivamerica.com\/#website","url":"https:\/\/www.tivamerica.com\/","name":"TIVAmerica","description":"Anestesia Intravenosa Total (TIVA), Latinoam\u00e9rica. Cursos","publisher":{"@id":"https:\/\/www.tivamerica.com\/#organization"},"potentialAction":[{"@type":"SearchAction","target":{"@type":"EntryPoint","urlTemplate":"https:\/\/www.tivamerica.com\/?s={search_term_string}"},"query-input":{"@type":"PropertyValueSpecification","valueRequired":true,"valueName":"search_term_string"}}],"inLanguage":"es"},{"@type":"Organization","@id":"https:\/\/www.tivamerica.com\/#organization","name":"TIVAmerica","url":"https:\/\/www.tivamerica.com\/","logo":{"@type":"ImageObject","inLanguage":"es","@id":"https:\/\/www.tivamerica.com\/#\/schema\/logo\/image\/","url":"https:\/\/www.tivamerica.com\/wp-content\/uploads\/2018\/07\/logo-tivamerica-transparente-e1532835198527.png","contentUrl":"https:\/\/www.tivamerica.com\/wp-content\/uploads\/2018\/07\/logo-tivamerica-transparente-e1532835198527.png","width":300,"height":301,"caption":"TIVAmerica"},"image":{"@id":"https:\/\/www.tivamerica.com\/#\/schema\/logo\/image\/"}}]}},"_links":{"self":[{"href":"https:\/\/www.tivamerica.com\/index.php\/wp-json\/wp\/v2\/pages\/471","targetHints":{"allow":["GET"]}}],"collection":[{"href":"https:\/\/www.tivamerica.com\/index.php\/wp-json\/wp\/v2\/pages"}],"about":[{"href":"https:\/\/www.tivamerica.com\/index.php\/wp-json\/wp\/v2\/types\/page"}],"author":[{"embeddable":true,"href":"https:\/\/www.tivamerica.com\/index.php\/wp-json\/wp\/v2\/users\/1"}],"replies":[{"embeddable":true,"href":"https:\/\/www.tivamerica.com\/index.php\/wp-json\/wp\/v2\/comments?post=471"}],"version-history":[{"count":39,"href":"https:\/\/www.tivamerica.com\/index.php\/wp-json\/wp\/v2\/pages\/471\/revisions"}],"predecessor-version":[{"id":899,"href":"https:\/\/www.tivamerica.com\/index.php\/wp-json\/wp\/v2\/pages\/471\/revisions\/899"}],"wp:featuredmedia":[{"embeddable":true,"href":"https:\/\/www.tivamerica.com\/index.php\/wp-json\/wp\/v2\/media\/412"}],"wp:attachment":[{"href":"https:\/\/www.tivamerica.com\/index.php\/wp-json\/wp\/v2\/media?parent=471"}],"curies":[{"name":"wp","href":"https:\/\/api.w.org\/{rel}","templated":true}]}}