{"id":18,"date":"2018-07-17T16:00:04","date_gmt":"2018-07-17T19:00:04","guid":{"rendered":"http:\/\/www.eurosiva.la\/?page_id=18"},"modified":"2019-03-23T22:24:42","modified_gmt":"2019-03-24T01:24:42","slug":"inicio","status":"publish","type":"page","link":"https:\/\/www.tivamerica.com\/","title":{"rendered":"Inicio"},"content":{"rendered":"<h2 style=\"text-align: center\"><strong>DESCUENTO POR GRUPOS<\/strong><\/h2>\n<p style=\"text-align: center\"><span>Ofrecemos descuentos para grupos de 2 o m\u00e1s personas.<\/span><\/p>\n<h6 style=\"text-align: center\"><a href=\"https:\/\/www.tivamerica.com\/index.php\/descuentos\/\" target=\"_blank\" rel=\"noopener\"><strong>CLICK AQU\u00cd PARA M\u00c1S INFORMACI\u00d3N<\/strong><\/a><\/h6>\n","protected":false},"excerpt":{"rendered":"<p>DESCUENTO POR GRUPOS Ofrecemos descuentos para grupos de 2 o m\u00e1s personas. CLICK AQU\u00cd PARA M\u00c1S INFORMACI\u00d3N<\/p>\n","protected":false},"author":1,"featured_media":0,"parent":0,"menu_order":0,"comment_status":"closed","ping_status":"closed","template":"","meta":{"footnotes":""},"class_list":["post-18","page","type-page","status-publish","hentry"],"yoast_head":"<!-- This site is optimized with the Yoast SEO plugin v24.3 - https:\/\/yoast.com\/wordpress\/plugins\/seo\/ -->\n<title>Inicio - TIVAmerica<\/title>\n<meta name=\"robots\" content=\"index, follow, max-snippet:-1, max-image-preview:large, max-video-preview:-1\" \/>\n<link rel=\"canonical\" href=\"https:\/\/www.tivamerica.com\/\" \/>\n<meta property=\"og:locale\" content=\"es_ES\" \/>\n<meta property=\"og:type\" content=\"article\" \/>\n<meta property=\"og:title\" content=\"Inicio - TIVAmerica\" \/>\n<meta property=\"og:description\" content=\"DESCUENTO POR GRUPOS Ofrecemos descuentos para grupos de 2 o m\u00e1s personas. CLICK AQU\u00cd PARA M\u00c1S INFORMACI\u00d3N\" \/>\n<meta property=\"og:url\" content=\"https:\/\/www.tivamerica.com\/\" \/>\n<meta property=\"og:site_name\" content=\"TIVAmerica\" \/>\n<meta property=\"article:modified_time\" content=\"2019-03-24T01:24:42+00:00\" \/>\n<meta name=\"twitter:card\" content=\"summary_large_image\" \/>\n<script type=\"application\/ld+json\" class=\"yoast-schema-graph\">{\"@context\":\"https:\/\/schema.org\",\"@graph\":[{\"@type\":\"WebPage\",\"@id\":\"https:\/\/www.tivamerica.com\/\",\"url\":\"https:\/\/www.tivamerica.com\/\",\"name\":\"Inicio - TIVAmerica\",\"isPartOf\":{\"@id\":\"https:\/\/www.tivamerica.com\/#website\"},\"datePublished\":\"2018-07-17T19:00:04+00:00\",\"dateModified\":\"2019-03-24T01:24:42+00:00\",\"breadcrumb\":{\"@id\":\"https:\/\/www.tivamerica.com\/#breadcrumb\"},\"inLanguage\":\"es\",\"potentialAction\":[{\"@type\":\"ReadAction\",\"target\":[\"https:\/\/www.tivamerica.com\/\"]}]},{\"@type\":\"BreadcrumbList\",\"@id\":\"https:\/\/www.tivamerica.com\/#breadcrumb\",\"itemListElement\":[{\"@type\":\"ListItem\",\"position\":1,\"name\":\"Portada\",\"item\":\"https:\/\/www.tivamerica.com\/\"},{\"@type\":\"ListItem\",\"position\":2,\"name\":\"Inicio\"}]},{\"@type\":\"WebSite\",\"@id\":\"https:\/\/www.tivamerica.com\/#website\",\"url\":\"https:\/\/www.tivamerica.com\/\",\"name\":\"TIVAmerica\",\"description\":\"Anestesia Intravenosa Total (TIVA), Latinoam\u00e9rica. Cursos\",\"publisher\":{\"@id\":\"https:\/\/www.tivamerica.com\/#organization\"},\"potentialAction\":[{\"@type\":\"SearchAction\",\"target\":{\"@type\":\"EntryPoint\",\"urlTemplate\":\"https:\/\/www.tivamerica.com\/?s={search_term_string}\"},\"query-input\":{\"@type\":\"PropertyValueSpecification\",\"valueRequired\":true,\"valueName\":\"search_term_string\"}}],\"inLanguage\":\"es\"},{\"@type\":\"Organization\",\"@id\":\"https:\/\/www.tivamerica.com\/#organization\",\"name\":\"TIVAmerica\",\"url\":\"https:\/\/www.tivamerica.com\/\",\"logo\":{\"@type\":\"ImageObject\",\"inLanguage\":\"es\",\"@id\":\"https:\/\/www.tivamerica.com\/#\/schema\/logo\/image\/\",\"url\":\"https:\/\/www.tivamerica.com\/wp-content\/uploads\/2018\/07\/logo-tivamerica-transparente-e1532835198527.png\",\"contentUrl\":\"https:\/\/www.tivamerica.com\/wp-content\/uploads\/2018\/07\/logo-tivamerica-transparente-e1532835198527.png\",\"width\":300,\"height\":301,\"caption\":\"TIVAmerica\"},\"image\":{\"@id\":\"https:\/\/www.tivamerica.com\/#\/schema\/logo\/image\/\"}}]}<\/script>\n<!-- \/ Yoast SEO plugin. -->","yoast_head_json":{"title":"Inicio - TIVAmerica","robots":{"index":"index","follow":"follow","max-snippet":"max-snippet:-1","max-image-preview":"max-image-preview:large","max-video-preview":"max-video-preview:-1"},"canonical":"https:\/\/www.tivamerica.com\/","og_locale":"es_ES","og_type":"article","og_title":"Inicio - TIVAmerica","og_description":"DESCUENTO POR GRUPOS Ofrecemos descuentos para grupos de 2 o m\u00e1s personas. CLICK AQU\u00cd PARA M\u00c1S INFORMACI\u00d3N","og_url":"https:\/\/www.tivamerica.com\/","og_site_name":"TIVAmerica","article_modified_time":"2019-03-24T01:24:42+00:00","twitter_card":"summary_large_image","schema":{"@context":"https:\/\/schema.org","@graph":[{"@type":"WebPage","@id":"https:\/\/www.tivamerica.com\/","url":"https:\/\/www.tivamerica.com\/","name":"Inicio - TIVAmerica","isPartOf":{"@id":"https:\/\/www.tivamerica.com\/#website"},"datePublished":"2018-07-17T19:00:04+00:00","dateModified":"2019-03-24T01:24:42+00:00","breadcrumb":{"@id":"https:\/\/www.tivamerica.com\/#breadcrumb"},"inLanguage":"es","potentialAction":[{"@type":"ReadAction","target":["https:\/\/www.tivamerica.com\/"]}]},{"@type":"BreadcrumbList","@id":"https:\/\/www.tivamerica.com\/#breadcrumb","itemListElement":[{"@type":"ListItem","position":1,"name":"Portada","item":"https:\/\/www.tivamerica.com\/"},{"@type":"ListItem","position":2,"name":"Inicio"}]},{"@type":"WebSite","@id":"https:\/\/www.tivamerica.com\/#website","url":"https:\/\/www.tivamerica.com\/","name":"TIVAmerica","description":"Anestesia Intravenosa Total (TIVA), Latinoam\u00e9rica. Cursos","publisher":{"@id":"https:\/\/www.tivamerica.com\/#organization"},"potentialAction":[{"@type":"SearchAction","target":{"@type":"EntryPoint","urlTemplate":"https:\/\/www.tivamerica.com\/?s={search_term_string}"},"query-input":{"@type":"PropertyValueSpecification","valueRequired":true,"valueName":"search_term_string"}}],"inLanguage":"es"},{"@type":"Organization","@id":"https:\/\/www.tivamerica.com\/#organization","name":"TIVAmerica","url":"https:\/\/www.tivamerica.com\/","logo":{"@type":"ImageObject","inLanguage":"es","@id":"https:\/\/www.tivamerica.com\/#\/schema\/logo\/image\/","url":"https:\/\/www.tivamerica.com\/wp-content\/uploads\/2018\/07\/logo-tivamerica-transparente-e1532835198527.png","contentUrl":"https:\/\/www.tivamerica.com\/wp-content\/uploads\/2018\/07\/logo-tivamerica-transparente-e1532835198527.png","width":300,"height":301,"caption":"TIVAmerica"},"image":{"@id":"https:\/\/www.tivamerica.com\/#\/schema\/logo\/image\/"}}]}},"_links":{"self":[{"href":"https:\/\/www.tivamerica.com\/index.php\/wp-json\/wp\/v2\/pages\/18","targetHints":{"allow":["GET"]}}],"collection":[{"href":"https:\/\/www.tivamerica.com\/index.php\/wp-json\/wp\/v2\/pages"}],"about":[{"href":"https:\/\/www.tivamerica.com\/index.php\/wp-json\/wp\/v2\/types\/page"}],"author":[{"embeddable":true,"href":"https:\/\/www.tivamerica.com\/index.php\/wp-json\/wp\/v2\/users\/1"}],"replies":[{"embeddable":true,"href":"https:\/\/www.tivamerica.com\/index.php\/wp-json\/wp\/v2\/comments?post=18"}],"version-history":[{"count":3,"href":"https:\/\/www.tivamerica.com\/index.php\/wp-json\/wp\/v2\/pages\/18\/revisions"}],"predecessor-version":[{"id":564,"href":"https:\/\/www.tivamerica.com\/index.php\/wp-json\/wp\/v2\/pages\/18\/revisions\/564"}],"wp:attachment":[{"href":"https:\/\/www.tivamerica.com\/index.php\/wp-json\/wp\/v2\/media?parent=18"}],"curies":[{"name":"wp","href":"https:\/\/api.w.org\/{rel}","templated":true}]}}